{"id":17,"date":"2022-10-14T14:15:07","date_gmt":"2022-10-14T12:15:07","guid":{"rendered":"http:\/\/192.168.178.35\/wordpress\/?page_id=17"},"modified":"2023-02-09T14:26:28","modified_gmt":"2023-02-09T13:26:28","slug":"unternehmen","status":"publish","type":"page","link":"https:\/\/dentallabor-mack.de\/index.php\/unternehmen\/","title":{"rendered":"Unternehmen"},"content":{"rendered":"\n<h3 class=\"wp-block-heading\">Fortschritt und Erfahrung auf die Sie sich verlassen k\u00f6nnen<\/h3>\n\n\n\n<div class=\"wp-block-media-text alignwide is-stacked-on-mobile is-vertically-aligned-top is-image-fill\" style=\"grid-template-columns:32% auto\"><figure class=\"wp-block-media-text__media\" style=\"background-image:url(http:\/\/192.168.178.35\/wordpress\/wp-content\/uploads\/2022\/10\/Team-2-1024x682.jpg);background-position:50% 50%\"><img loading=\"lazy\" decoding=\"async\" width=\"1024\" height=\"682\" src=\"http:\/\/192.168.178.35\/wordpress\/wp-content\/uploads\/2022\/10\/Team-2-1024x682.jpg\" alt=\"\" class=\"wp-image-28 size-full\" srcset=\"https:\/\/dentallabor-mack.de\/wp-content\/uploads\/2022\/10\/Team-2-1024x682.jpg 1024w, https:\/\/dentallabor-mack.de\/wp-content\/uploads\/2022\/10\/Team-2-300x200.jpg 300w, https:\/\/dentallabor-mack.de\/wp-content\/uploads\/2022\/10\/Team-2-768x512.jpg 768w, https:\/\/dentallabor-mack.de\/wp-content\/uploads\/2022\/10\/Team-2.jpg 1280w\" sizes=\"auto, (max-width: 1024px) 100vw, 1024px\" \/><\/figure><div class=\"wp-block-media-text__content\">\n<p class=\"has-text-align-left has-medium-font-size\">Dentaltechnik Mack wurde im Jahr 1992 in Merching gegr\u00fcndet.<\/p>\n\n\n\n<p class=\"has-text-align-left has-medium-font-size\">Aus anf\u00e4nglich einem Mitarbeiter ist heute ein rund 10-k\u00f6pfiges Team geworden.<\/p>\n\n\n\n<p class=\"has-text-align-left has-medium-font-size\">Das umfassende zahntechnische Leistungsangebot, besonderes Spezial-Know-how in der Implantatprothetik und innovative Service-Ideen tragen zu einer hohen Patienten- und Kundenzufriedenheit bei. Trotz kontinuierlicher Weiterentwicklungen hat das Dentallabor seine pers\u00f6nliche Note beibehalten. Die enge Zusammenarbeit und der gute Kontakt zwischen Praxis und Labor genie\u00dft h\u00f6chste Priorit\u00e4t.<\/p>\n\n\n\n<p class=\"has-text-align-left has-medium-font-size\">Zahntechnikermeister <strong>Reinhard Mack<\/strong> ist direkter Ansprechpartner f\u00fcr Zahnarztpraxen und Patienten in allen zahntechnischen Fragen. H\u00e4ufig kommen nach Terminvereinbarung und in Absprache mit der Praxis auch Patienten ins Labor, zum Beispiel zur individuellen Zahnfarbnahme.<\/p>\n\n\n\n<p class=\"has-text-align-left has-medium-font-size\">Als Mitglied in mehreren implantologischen Fachgesellschaften und aufgrund unserer Zertifizierungen in der Implantatprothetik geh\u00f6rt Dentaltechnik Mack zu Deutschlands Profi-Laboren im Bereich der Implantologie und Impaltatprothetik. Zahn\u00e4rzte und Patienten profitieren von modernster 3D-Diagnostik. Sie erhalten einzigartige M\u00f6glichkeiten der Implantationsplanung und individuelle Prothetikl\u00f6sungen aus einer Hand.<\/p>\n\n\n\n<p class=\"has-text-align-left has-medium-font-size\">Wir laden Sie herzlich ein, unser zahntechnisches Labor n\u00e4her kennenzulernen. Rufen Sie zur Terminvereinbarung einfach bei uns an oder senden Sie Ihre Nachricht per E-Mail.<\/p>\n<\/div><\/div>\n\n\n\n<h3 class=\"has-text-align-left wp-block-heading\">Unsere Arbeitsgrunds\u00e4tze<\/h3>\n\n\n\n<p class=\"has-medium-font-size\">Auch ein Zahnarzt hat nichts zu verschenken: weder Zeit, Geld noch Arbeitskraft. Deshalb ist es f\u00fcr uns eine Herausforderung, einen Beitrag zur Wirtschaftlichkeit Ihrer Praxis zu leisten &#8211; durch Qualit\u00e4t in vierfacher Hinsicht:<\/p>\n\n\n\n<p class=\"has-medium-font-size\"><strong>Materialqualit\u00e4t <\/strong>&#8211; Bew\u00e4hrte und vertr\u00e4gliche L\u00f6sungen f\u00fcr Ihre Patienten<br>Wir verarbeiten in unserem Labor nur Qualit\u00e4tsmaterialien von renomierten Herstellern. Ferner profitieren Sie von unseren Erfahrungen mit bew\u00e4hrten und fortschrittlichen Materialien und Technologien.<\/p>\n\n\n\n<p class=\"has-medium-font-size\"><strong>Verarbeitungsqualit\u00e4t <\/strong>&#8211; H\u00f6chste Pr\u00e4zision und Langlebigkeit des Zahnersatzes<br>Moderne technische Ausstattung, Pr\u00e4zision und Sorgfalt stellen einen hohen Qualit\u00e4tsstandard und Langlebigkeit unserer Arbeiten sicher. Alle Arbeiten unterleigen der sorgf\u00e4ltigen Endkontrolle unseres Zahntechnikermeisters.<\/p>\n\n\n\n<p class=\"has-medium-font-size\"><strong>Terminqualit\u00e4t <\/strong>&#8211; mit Termingarantie<br>Termintreue ist f\u00fcr uns das oberste Gebot. Durch professionelle Arbeitsplanung und unseren individuellen Hol-und-Bring-Service garantieren wir Ihnen, dass Sie alle Arbeiten p\u00fcnktlich erhalten.<\/p>\n\n\n\n<p class=\"has-medium-font-size\"><strong>Servicequalit\u00e4t <\/strong>&#8211; mehr Freir\u00e4ume f\u00fcr Sie<br>Unser Ziel ist es, Ihnen hilfreich mit Rat und Tat zur Seite zu stehen. Unser Kundenservice gestaltet die Abl\u00e4ufe zwischen Praxis und Labor effizient und erleichtert Ihnen den Praxisalltag sp\u00fcrbar.<\/p>\n","protected":false},"excerpt":{"rendered":"<p>Fortschritt und Erfahrung auf die Sie sich verlassen k\u00f6nnen Dentaltechnik Mack wurde im Jahr 1992 in Merching gegr\u00fcndet. Aus anf\u00e4nglich einem Mitarbeiter ist heute ein rund 10-k\u00f6pfiges Team geworden. Das umfassende zahntechnische Leistungsangebot, besonderes Spezial-Know-how in der Implantatprothetik und innovative Service-Ideen tragen zu einer hohen Patienten- und Kundenzufriedenheit bei. Trotz kontinuierlicher Weiterentwicklungen hat das Dentallabor [&hellip;]<\/p>\n","protected":false},"author":1,"featured_media":0,"parent":0,"menu_order":0,"comment_status":"closed","ping_status":"closed","template":"","meta":{"footnotes":""},"class_list":["post-17","page","type-page","status-publish","hentry"],"blocksy_meta":{"styles_descriptor":{"styles":{"desktop":"","tablet":"","mobile":""},"google_fonts":[],"version":6}},"_links":{"self":[{"href":"https:\/\/dentallabor-mack.de\/index.php\/wp-json\/wp\/v2\/pages\/17","targetHints":{"allow":["GET"]}}],"collection":[{"href":"https:\/\/dentallabor-mack.de\/index.php\/wp-json\/wp\/v2\/pages"}],"about":[{"href":"https:\/\/dentallabor-mack.de\/index.php\/wp-json\/wp\/v2\/types\/page"}],"author":[{"embeddable":true,"href":"https:\/\/dentallabor-mack.de\/index.php\/wp-json\/wp\/v2\/users\/1"}],"replies":[{"embeddable":true,"href":"https:\/\/dentallabor-mack.de\/index.php\/wp-json\/wp\/v2\/comments?post=17"}],"version-history":[{"count":7,"href":"https:\/\/dentallabor-mack.de\/index.php\/wp-json\/wp\/v2\/pages\/17\/revisions"}],"predecessor-version":[{"id":355,"href":"https:\/\/dentallabor-mack.de\/index.php\/wp-json\/wp\/v2\/pages\/17\/revisions\/355"}],"wp:attachment":[{"href":"https:\/\/dentallabor-mack.de\/index.php\/wp-json\/wp\/v2\/media?parent=17"}],"curies":[{"name":"wp","href":"https:\/\/api.w.org\/{rel}","templated":true}]}}