{"id":71,"date":"2022-11-02T15:04:39","date_gmt":"2022-11-02T14:04:39","guid":{"rendered":"http:\/\/192.168.178.35\/wordpress\/?page_id=71"},"modified":"2023-12-30T13:14:36","modified_gmt":"2023-12-30T12:14:36","slug":"datenschutz","status":"publish","type":"page","link":"https:\/\/dentallabor-mack.de\/index.php\/datenschutz\/","title":{"rendered":"Datenschutz"},"content":{"rendered":"\n<h1 class=\"wp-block-heading has-medium-font-size\"><strong>Verantwortliche Stelle im Sinne der Datenschutzgesetze ist:<\/strong><\/h1>\n\n\n\n<p class=\"has-medium-font-size\">Dentallabor Mack<br>Gewerbering 7<br>86405 Merching<br><br>Tel.: (+49) (0)8233 \u2013 31359<br>Fax: (+49) (0)8233 \u2013 9657<br>Mail: mackdental@t-online.de<\/p>\n\n\n\n<h1 class=\"wp-block-heading has-medium-font-size\"><strong>Erfassung allgemeiner Informationen<\/strong><\/h1>\n\n\n\n<p class=\"has-medium-font-size\">Wenn Sie auf unsere Webseite zugreifen, werden automatisch Informationen allgemeiner Natur erfasst. Diese Informationen (Server-Logfiles) beinhalten etwa die Art des Webbrowsers, das verwendete Betriebssystem, den Domainnamen Ihres Internet Service Providers und \u00c4hnliches. Hierbei handelt es sich ausschlie\u00dflich um Informationen, welche keine R\u00fcckschl\u00fcsse auf Ihre Person zulassen. Diese Informationen sind technisch notwendig, um von Ihnen angeforderte Inhalte von Webseiten korrekt auszuliefern und fallen bei Nutzung des Internets zwingend an. Anonyme Informationen dieser Art werden von uns statistisch ausgewertet, um unseren Internetauftritt und die dahinterstehende Technik zu optimieren.<\/p>\n\n\n\n<h1 class=\"wp-block-heading has-medium-font-size\"><strong>Cookies<\/strong><\/h1>\n\n\n\n<p class=\"has-medium-font-size\">Auf unserer Website verwenden wir keine Coockies.<\/p>\n\n\n\n<h1 class=\"wp-block-heading has-medium-font-size\"><strong>SSL-Verschl\u00fcsselung<\/strong><\/h1>\n\n\n\n<p class=\"has-medium-font-size\">Um die Sicherheit Ihrer Daten bei der \u00dcbertragung zu sch\u00fctzen, verwenden wir dem aktuellen Stand der Technik entsprechende Verschl\u00fcsselungsverfahren (z. B. SSL\/TLS) \u00fcber HTTPS.<\/p>\n\n\n\n<h1 class=\"wp-block-heading has-medium-font-size\"><strong>L\u00f6schung bzw. Sperrung der Daten<\/strong><\/h1>\n\n\n\n<p class=\"has-medium-font-size\">Wir halten uns an die Grunds\u00e4tze der Datenvermeidung und Datensparsamkeit. Wir speichern Ihre personenbezogenen Daten daher nur so lange, wie dies zur Erreichung der hier genannten Zwecke erforderlich ist oder wie es die vom Gesetzgeber vorgesehenen vielf\u00e4ltigen Speicherfristen vorsehen. Nach Fortfall des jeweiligen Zweckes bzw. Ablauf dieser Fristen werden die entsprechenden Daten routinem\u00e4\u00dfig und entsprechend den gesetzlichen Vorschriften gesperrt oder gel\u00f6scht.<\/p>\n\n\n\n<h1 class=\"wp-block-heading has-medium-font-size\"><strong>Ihre Rechte auf Auskunft, Berichtigung, Sperre, L\u00f6schung und Widerspruch<\/strong><\/h1>\n\n\n\n<p class=\"has-medium-font-size\">Sie haben das Recht, jederzeit Auskunft \u00fcber Ihre bei uns gespeicherten personenbezogenen Daten zu erhalten. Ebenso haben Sie das Recht auf Berichtigung, Sperrung oder, abgesehen von der vorgeschriebenen Datenspeicherung zur Gesch\u00e4ftsabwicklung, L\u00f6schung Ihrer personenbezogenen Daten. Bitte wenden Sie sich dazu an unseren Datenschutzbeauftragten. Die Kontaktdaten finden Sie ganz unten.<\/p>\n\n\n\n<p class=\"has-medium-font-size\">Damit eine Sperre von Daten jederzeit ber\u00fccksichtigt werden kann, m\u00fcssen diese Daten zu Kontrollzwecken in einer Sperrdatei vorgehalten werden. Sie k\u00f6nnen auch die L\u00f6schung der Daten verlangen, soweit keine gesetzliche Archivierungsverpflichtung besteht. Soweit eine solche Verpflichtung besteht, sperren wir Ihre Daten auf Wunsch.<\/p>\n\n\n\n<p class=\"has-medium-font-size\">Sie k\u00f6nnen \u00c4nderungen oder den Widerruf einer Einwilligung durch entsprechende Mitteilung an uns mit Wirkung f\u00fcr die Zukunft vornehmen.<\/p>\n\n\n\n<h1 class=\"wp-block-heading has-medium-font-size\"><strong>\u00c4nderung unserer Datenschutzbestimmungen<\/strong><\/h1>\n\n\n\n<p class=\"has-medium-font-size\">Wir behalten uns vor, diese Datenschutzerkl\u00e4rung gelegentlich anzupassen, damit sie stets den aktuellen rechtlichen Anforderungen entspricht oder um \u00c4nderungen unserer Leistungen in der Datenschutzerkl\u00e4rung umzusetzen, z. B. bei der Einf\u00fchrung neuer Services. F\u00fcr Ihren erneuten Besuch gilt dann die neue Datenschutzerkl\u00e4rung.<\/p>\n\n\n\n<h1 class=\"wp-block-heading has-medium-font-size\">Verwendung von Google Maps<\/h1>\n\n\n\n<p class=\"has-medium-font-size\"><strong>(1)<\/strong> Auf dieser Webseite nutzen wir das Angebot von Google Maps. Dadurch k\u00f6nnen wir Ihnen interaktive Karten direkt in der Website anzeigen und erm\u00f6glichen Ihnen die komfortable Nutzung der Karten-Funktion. Durch den Besuch auf der Website erh\u00e4lt Google die Information, dass Sie die entsprechende Unterseite unserer Website aufgerufen haben.<br>Hierbei werden folgende Daten \u00fcbermittelt<\/p>\n\n\n\n<ul class=\"wp-block-list\">\n<li class=\"has-medium-font-size\">Ger\u00e4tespezifische Information, beispielsweise die verwendete Hardware; die Version des Betriebssystems; eindeutige Ger\u00e4tekennung und Informationen \u00fcber das Mobilfunknetz einschlie\u00dflich Ihrer Telefonnummer.<\/li>\n\n\n\n<li class=\"has-medium-font-size\">Protokolldaten in Form von Serverprotokollen. Diese beinhalten unter anderem Einzelheiten zu der Art und Weise, wie die Dienste genutz wurden, beispielsweise Suchanfragen; IP-Adresse; Hardware-Einstellungen; Browser-Typ; Browser-Sprache; Datum und Uhrzeit Ihrer Anfrage; Ursprungsseite; Cookies, \u00fcber die Ihr Browser oder Ihr Google-Konto eindeutig identifiziert werden kann<\/li>\n\n\n\n<li class=\"has-medium-font-size\">Standortbezogene Informationen. Es werden m\u00f6glicherweise Informationen \u00fcber Ihren tats\u00e4chlichen Standort durch Google erfasst. Hierzu geh\u00f6ren beispielsweise Ihre IP-Adresse, Ihre WLAN-Zugangspunkte oder Mobilfunkmasten<\/li>\n\n\n\n<li class=\"has-medium-font-size\">Weitere Informationen zu den von Google, INC erhobenen Daten finden Sie unter folgendem Link:<a href=\"https:\/\/policies.google.com\/privacy?hl=de&amp;gl=de\"> https:\/\/policies.google.com\/privacy?hl=de&amp;gl=de<\/a><\/li>\n\n\n\n<li class=\"has-medium-font-size\">Dies erfolgt unabh\u00e4ngig davon, ob Google ein Nutzerkonto bereitstellt, \u00fcber das Sie eingeloggt sind, oder ob kein Nutzerkonto besteht. Wenn Sie bei Google eingeloggt sind, werden Ihre Daten direkt Ihrem Konto zugeordnet.<\/li>\n<\/ul>\n\n\n\n<p class=\"has-medium-font-size\"><strong>(2)<\/strong> Rechtsgrundlage f\u00fcr die Verarbeitung der personenbezogenen Daten ist Art. 6 Abs. 1 lit. S.1 f) DSGVO. Google verarbeitet Ihre personenbezogenen Daten auch in den USA und hat sich dem EU-US-Privacy-Shield unterworfen, <a href=\"https:\/\/www.privacyshield.gov\/EU-US-Framework\">https:\/\/www.privacyshield.gov\/EU-US-Framework<\/a>.<\/p>\n\n\n\n<p class=\"has-medium-font-size\"><strong>(3)<\/strong> Google speichert Ihre Daten als Nutzungsprofile und nutzt sie f\u00fcr Zwecke der Werbung, Marktforschung und\/oder bedarfsgerechten Gestaltung seiner Website. Eine solche Auswertung erfolgt insbesondere (selbst f\u00fcr nicht eingeloggte Nutzer) zur Erbringung von bedarfsgerechter Werbung und um andere Nutzer des sozialen Netzwerks \u00fcber Ihre Aktivit\u00e4ten auf unserer Website zu informieren. Wenn Sie die Zuordnung mit Ihrem Profil bei Google nicht w\u00fcnschen, m\u00fcssen Sie sich vor Aktivierung des Buttons ausloggen.<\/p>\n\n\n\n<p class=\"has-medium-font-size\"><strong>(4)<\/strong> Ihnen steht ein Widerspruchsrecht gegen die Bildung dieser Nutzerprofile zu, wobei Sie sich zur Aus\u00fcbung dessen an Google richten m\u00fcssen.<\/p>\n\n\n\n<p class=\"has-medium-font-size\"><strong>(5)<\/strong> Die Dauer der Speicherung richtet sich nach den Speicherfristen bei Google.<\/p>\n\n\n\n<p class=\"has-medium-font-size\"><strong>(6)<\/strong> Weitere Informationen zu Zweck und Umfang der Datenerhebung und ihrer Verarbeitung durch den Plug-in-Anbieter erhalten Sie in den Datenschutzerkl\u00e4rungen des Anbieters. Dort erhalten Sie auch weitere Informationen zu Ihren diesbez\u00fcglichen Rechten und Einstellungsm\u00f6glichkeiten zum Schutze Ihrer Privatsph\u00e4re: <a href=\"https:\/\/www.google.de\/intl\/de\/policies\/privacy\">https:\/\/www.google.de\/intl\/de\/policies\/privacy<\/a>.<\/p>\n","protected":false},"excerpt":{"rendered":"<p>Verantwortliche Stelle im Sinne der Datenschutzgesetze ist: Dentallabor MackGewerbering 786405 Merching Tel.: (+49) (0)8233 \u2013 31359Fax: (+49) (0)8233 \u2013 9657Mail: mackdental@t-online.de Erfassung allgemeiner Informationen Wenn Sie auf unsere Webseite zugreifen, werden automatisch Informationen allgemeiner Natur erfasst. Diese Informationen (Server-Logfiles) beinhalten etwa die Art des Webbrowsers, das verwendete Betriebssystem, den Domainnamen Ihres Internet Service Providers und [&hellip;]<\/p>\n","protected":false},"author":1,"featured_media":0,"parent":0,"menu_order":0,"comment_status":"closed","ping_status":"closed","template":"","meta":{"footnotes":""},"class_list":["post-71","page","type-page","status-publish","hentry"],"blocksy_meta":{"styles_descriptor":{"styles":{"desktop":"","tablet":"","mobile":""},"google_fonts":[],"version":6}},"_links":{"self":[{"href":"https:\/\/dentallabor-mack.de\/index.php\/wp-json\/wp\/v2\/pages\/71","targetHints":{"allow":["GET"]}}],"collection":[{"href":"https:\/\/dentallabor-mack.de\/index.php\/wp-json\/wp\/v2\/pages"}],"about":[{"href":"https:\/\/dentallabor-mack.de\/index.php\/wp-json\/wp\/v2\/types\/page"}],"author":[{"embeddable":true,"href":"https:\/\/dentallabor-mack.de\/index.php\/wp-json\/wp\/v2\/users\/1"}],"replies":[{"embeddable":true,"href":"https:\/\/dentallabor-mack.de\/index.php\/wp-json\/wp\/v2\/comments?post=71"}],"version-history":[{"count":6,"href":"https:\/\/dentallabor-mack.de\/index.php\/wp-json\/wp\/v2\/pages\/71\/revisions"}],"predecessor-version":[{"id":459,"href":"https:\/\/dentallabor-mack.de\/index.php\/wp-json\/wp\/v2\/pages\/71\/revisions\/459"}],"wp:attachment":[{"href":"https:\/\/dentallabor-mack.de\/index.php\/wp-json\/wp\/v2\/media?parent=71"}],"curies":[{"name":"wp","href":"https:\/\/api.w.org\/{rel}","templated":true}]}}