{"id":74,"date":"2022-11-02T15:09:35","date_gmt":"2022-11-02T14:09:35","guid":{"rendered":"http:\/\/192.168.178.35\/wordpress\/?page_id=74"},"modified":"2023-12-30T00:11:19","modified_gmt":"2023-12-29T23:11:19","slug":"leistungen","status":"publish","type":"page","link":"https:\/\/dentallabor-mack.de\/index.php\/leistungen\/","title":{"rendered":"Leistungen"},"content":{"rendered":"\n<p class=\"has-medium-font-size\">Wenn bei Patienten Z\u00e4hne fehlen, m\u00fcssen oft aufwendige und anspruchsvolle Zahnersatz-Konstruktionen gefertigt werden. Insbesondere wenn es sich um festsitzenden, implantat-getragenen oder umfangreichen kombinierten Zahnersatz handelt. In diesen F\u00e4llen ist die N\u00e4he unseres Dentallabors zum Patienten und zu den Zahn\u00e4rzten, mit denen wir zusammenarbeiten, von gro\u00dfem Vorteil. Denn in den Phasen der Beratung, Planung und Herstellung des Zahnersatzes sind die Detailabstimmung, der rasche Informationsaustausch und die Anwesenheit des Zahntechnikers in der Praxis oft unerl\u00e4sslich.<\/p>\n\n\n\n<h2 class=\"wp-block-heading has-palette-color-3-color has-text-color has-medium-font-size\"><strong>Zahntechnik 2.0<\/strong><\/h2>\n\n\n\n<p class=\"has-medium-font-size\">Um die Kommunikation zu erleichtern und das Leistungsspektrum f\u00fcr Sie noch breiter auzustellen, sind wir seit einiger Zeit auch f\u00fcr den digitalen Workflow optimal ausgestattet. So k\u00f6nnen digitale Abformungen (Intraoralscan) von uns weiterverarbeitet werden und anschlie\u00dfend sowohl Fr\u00e4smaschinen (Zirkon, NEM,Implantat Abutment) und 3D Drucker (Modelle, individuelle L\u00f6ffel, Schienen) mittels CAD\/CAM Software bedient werden. Ein vollst\u00e4ndig digitaler Workflow ist somit bereits Alltag geworden. Auch herk\u00f6mmliche Abformungen k\u00f6nnen nach der Modellherstellung durch einen modernen Scanner im Labor digitalisiert und weiterverarbeitet werden.<\/p>\n\n\n\n<p class=\"has-medium-font-size\"><strong>Sie erhalten von uns alle Informationen, die Sie ben\u00f6tigen, um sich mit gutem Gef\u00fchl f\u00fcr eine bestimmte Zahnersatz-Variante entscheiden zu k\u00f6nnen:<\/strong><\/p>\n\n\n\n<ul class=\"has-medium-font-size wp-block-list\">\n<li>Welche Zahnersatzarten sind in Ihrem Fall grunds\u00e4tzlich m\u00f6glich?<\/li>\n\n\n\n<li>Welche Zahnersatz-Materialien und Technologien sind zu empfehlen?<\/li>\n\n\n\n<li>Welche Vorteile bzw. Nachteile haben unterschiedliche Zahnersatz-Varianten?<\/li>\n\n\n\n<li>Welche Kosten entstehen Ihnen als Eigenleistung?<\/li>\n\n\n\n<li>Wie ist der Behandlungsablauf?<\/li>\n<\/ul>\n\n\n\n<p class=\"has-medium-font-size\">Unser gemeinsames Ziel ist das Wohl und die Zufriedenheit der Patienten. Als Ergebnis erhalten Sie sch\u00f6nen, langlebigen und stabilen Zahnersatz. Dies ist eine Investition in Ihre Gesundheit und die Lebensqualit\u00e4t, die sich lanfe f\u00fcr Sie lohnt.<\/p>\n\n\n\n<p class=\"has-medium-font-size\"><strong>Unser Leistungsspektrum umfasst:<\/strong><\/p>\n\n\n\n<ul class=\"has-medium-font-size wp-block-list\">\n<li><a href=\"https:\/\/dentallabor-mack.de\/index.php\/leistungen\/bruecken-2\/\" data-type=\"page\">Br\u00fccken<\/a><\/li>\n\n\n\n<li><a href=\"https:\/\/dentallabor-mack.de\/index.php\/leistungen\/goldinlays\/\" data-type=\"page\">Goldinlays<\/a><\/li>\n\n\n\n<li><a href=\"https:\/\/dentallabor-mack.de\/index.php\/leistungen\/implantate\/\" data-type=\"page\">Implantate<\/a><\/li>\n\n\n\n<li><a href=\"https:\/\/dentallabor-mack.de\/index.php\/leistungen\/keramikinlays\/\" data-type=\"page\">Keramikinlays<\/a><\/li>\n\n\n\n<li><a href=\"https:\/\/dentallabor-mack.de\/index.php\/leistungen\/kronen\/\" data-type=\"page\">Kronen<\/a><\/li>\n\n\n\n<li><a href=\"https:\/\/dentallabor-mack.de\/index.php\/leistungen\/schienen\/\" data-type=\"page\">Schienentherapie<\/a><\/li>\n\n\n\n<li><a href=\"https:\/\/dentallabor-mack.de\/index.php\/leistungen\/teleskopkronen\/\" data-type=\"page\">Teleskopkronen<\/a><\/li>\n\n\n\n<li><a href=\"https:\/\/dentallabor-mack.de\/index.php\/leistungen\/totalprotethik\/\" data-type=\"page\">Totalprotethik<\/a><\/li>\n\n\n\n<li><a href=\"https:\/\/dentallabor-mack.de\/index.php\/leistungen\/veneers\/\" data-type=\"page\">Veneers<\/a><\/li>\n<\/ul>\n\n\n\n<p class=\"has-medium-font-size\">Informieren Sie sich hier \u00fcber unsere Leistungen! Bei Fragen k\u00f6nnen Sie uns gerne anrufen oder schreiben Sie uns eine Mail. <strong>Wir freuen uns auf Sie!<\/strong><\/p>\n","protected":false},"excerpt":{"rendered":"<p>Wenn bei Patienten Z\u00e4hne fehlen, m\u00fcssen oft aufwendige und anspruchsvolle Zahnersatz-Konstruktionen gefertigt werden. Insbesondere wenn es sich um festsitzenden, implantat-getragenen oder umfangreichen kombinierten Zahnersatz handelt. In diesen F\u00e4llen ist die N\u00e4he unseres Dentallabors zum Patienten und zu den Zahn\u00e4rzten, mit denen wir zusammenarbeiten, von gro\u00dfem Vorteil. Denn in den Phasen der Beratung, Planung und Herstellung [&hellip;]<\/p>\n","protected":false},"author":1,"featured_media":0,"parent":0,"menu_order":0,"comment_status":"closed","ping_status":"closed","template":"","meta":{"footnotes":""},"class_list":["post-74","page","type-page","status-publish","hentry"],"blocksy_meta":{"styles_descriptor":{"styles":{"desktop":"","tablet":"","mobile":""},"google_fonts":[],"version":6}},"_links":{"self":[{"href":"https:\/\/dentallabor-mack.de\/index.php\/wp-json\/wp\/v2\/pages\/74","targetHints":{"allow":["GET"]}}],"collection":[{"href":"https:\/\/dentallabor-mack.de\/index.php\/wp-json\/wp\/v2\/pages"}],"about":[{"href":"https:\/\/dentallabor-mack.de\/index.php\/wp-json\/wp\/v2\/types\/page"}],"author":[{"embeddable":true,"href":"https:\/\/dentallabor-mack.de\/index.php\/wp-json\/wp\/v2\/users\/1"}],"replies":[{"embeddable":true,"href":"https:\/\/dentallabor-mack.de\/index.php\/wp-json\/wp\/v2\/comments?post=74"}],"version-history":[{"count":15,"href":"https:\/\/dentallabor-mack.de\/index.php\/wp-json\/wp\/v2\/pages\/74\/revisions"}],"predecessor-version":[{"id":457,"href":"https:\/\/dentallabor-mack.de\/index.php\/wp-json\/wp\/v2\/pages\/74\/revisions\/457"}],"wp:attachment":[{"href":"https:\/\/dentallabor-mack.de\/index.php\/wp-json\/wp\/v2\/media?parent=74"}],"curies":[{"name":"wp","href":"https:\/\/api.w.org\/{rel}","templated":true}]}}