{"id":80,"date":"2022-11-02T15:10:59","date_gmt":"2022-11-02T14:10:59","guid":{"rendered":"http:\/\/192.168.178.35\/wordpress\/?page_id=80"},"modified":"2023-01-15T14:17:18","modified_gmt":"2023-01-15T13:17:18","slug":"implantate","status":"publish","type":"page","link":"https:\/\/dentallabor-mack.de\/index.php\/leistungen\/implantate\/","title":{"rendered":"Implantate"},"content":{"rendered":"\n<div class=\"wp-block-columns is-layout-flex wp-container-core-columns-is-layout-28f84493 wp-block-columns-is-layout-flex\">\n<div class=\"wp-block-column is-layout-flow wp-block-column-is-layout-flow\" style=\"flex-basis:33.33%\">\n<div class=\"wp-block-group is-layout-constrained wp-block-group-is-layout-constrained\">\n<figure class=\"wp-block-image size-full\"><img loading=\"lazy\" decoding=\"async\" width=\"957\" height=\"640\" src=\"http:\/\/192.168.178.35\/wordpress\/wp-content\/uploads\/2022\/12\/Impl-1.png\" alt=\"\" class=\"wp-image-207\" srcset=\"https:\/\/dentallabor-mack.de\/wp-content\/uploads\/2022\/12\/Impl-1.png 957w, https:\/\/dentallabor-mack.de\/wp-content\/uploads\/2022\/12\/Impl-1-300x201.png 300w, https:\/\/dentallabor-mack.de\/wp-content\/uploads\/2022\/12\/Impl-1-768x514.png 768w\" sizes=\"auto, (max-width: 957px) 100vw, 957px\" \/><\/figure>\n\n\n\n<figure class=\"wp-block-image size-full\"><img loading=\"lazy\" decoding=\"async\" width=\"953\" height=\"636\" src=\"http:\/\/192.168.178.35\/wordpress\/wp-content\/uploads\/2022\/12\/Impl-2.png\" alt=\"\" class=\"wp-image-208\" srcset=\"https:\/\/dentallabor-mack.de\/wp-content\/uploads\/2022\/12\/Impl-2.png 953w, https:\/\/dentallabor-mack.de\/wp-content\/uploads\/2022\/12\/Impl-2-300x200.png 300w, https:\/\/dentallabor-mack.de\/wp-content\/uploads\/2022\/12\/Impl-2-768x513.png 768w\" sizes=\"auto, (max-width: 953px) 100vw, 953px\" \/><\/figure>\n\n\n\n<figure class=\"wp-block-image size-full\"><img loading=\"lazy\" decoding=\"async\" width=\"956\" height=\"628\" src=\"http:\/\/192.168.178.35\/wordpress\/wp-content\/uploads\/2022\/12\/Impls-3.png\" alt=\"\" class=\"wp-image-210\" srcset=\"https:\/\/dentallabor-mack.de\/wp-content\/uploads\/2022\/12\/Impls-3.png 956w, https:\/\/dentallabor-mack.de\/wp-content\/uploads\/2022\/12\/Impls-3-300x197.png 300w, https:\/\/dentallabor-mack.de\/wp-content\/uploads\/2022\/12\/Impls-3-768x505.png 768w\" sizes=\"auto, (max-width: 956px) 100vw, 956px\" \/><\/figure>\n\n\n\n<figure class=\"wp-block-image size-full\"><img loading=\"lazy\" decoding=\"async\" width=\"955\" height=\"634\" src=\"http:\/\/192.168.178.35\/wordpress\/wp-content\/uploads\/2022\/12\/Impl-4.png\" alt=\"\" class=\"wp-image-209\" srcset=\"https:\/\/dentallabor-mack.de\/wp-content\/uploads\/2022\/12\/Impl-4.png 955w, https:\/\/dentallabor-mack.de\/wp-content\/uploads\/2022\/12\/Impl-4-300x199.png 300w, https:\/\/dentallabor-mack.de\/wp-content\/uploads\/2022\/12\/Impl-4-768x510.png 768w\" sizes=\"auto, (max-width: 955px) 100vw, 955px\" \/><\/figure>\n<\/div>\n<\/div>\n\n\n\n<div class=\"wp-block-column is-layout-flow wp-block-column-is-layout-flow\" style=\"flex-basis:66.66%\">\n<div class=\"wp-block-group is-layout-constrained wp-block-group-is-layout-constrained\">\n<h3 class=\"wp-block-heading\">Impantatprothetik und 3D-Implantatplanung<\/h3>\n\n\n\n<p class=\"has-medium-font-size\">Implantat-Zahnersatz ist eine Herausforderung, die idealerweise in enger Zusammenarbeit zwischen Zahnarzt\/Chirurg und Zahntechniker realisiert wird. Zahn\u00e4rzte, die selbst nicht implantieren, \u00fcberweisen ihre Patienten f\u00fcr die Implantation an einen Oralchirurgen ihres Vertrauens und \u00fcbernehmen danach die prothetische Versorgung. Von der Diagnostik \u00fcber die Planung bis hin zur Fertigung und Eingliederung des Zahnersatzes sind gute Kommunikation und Teamwork zwischen Zahnarzt\/Chirurg und Zahntechniker die halbe Miete f\u00fcr den Behandlungserfolg und die Patientenzufriedenheit.<br>Unsere Implantat-Arbeiten sind \u00e4sthetisch, spannungsfrei und langlebig: Von der Einzelzahn-Versorgung \u00fcber Implantat getragene Br\u00fccken bis hin zur Versorgung des zahnlosen Kiefers. Sehr interessante und hochfunktionelle Implantat-Prothetik fertigen wir auch in Verbindung mit Galvanok\u00e4ppchen, Zirkonoxid und NEM.<br>Durch konstruktiven Dialog, einen gut organisierten Informationsaustausch und optimale Arbeitsplanung leisten wir unseren Beitrag f\u00fcr einen erfolgreichen und rationellen Therapieverlauf. Sie erhalten von uns hochwertige L\u00f6sungen auf allen g\u00e4ngigen Implantat-Systemen. Selbstverst\u00e4ndlich stehen wir Ihnen auf Wunsch auch gerne bei der Patientenberatung und Prothetikplanung hilfreich zur Seite.<\/p>\n\n\n\n<h4 class=\"wp-block-heading\"><strong>3D-Implantatplanung \u2013 mehr Sicherheit und optimale, vorausplanbare Ergebnisse<\/strong><\/h4>\n\n\n\n<p class=\"has-medium-font-size\">Die perfekte Position des Implantats ist entscheidend f\u00fcr den dauerhaften Behandlungserfolg. Nicht nur die ausreichende Knochensubstanz ist hierf\u00fcr wichtig \u2013 bei der Positionierung des Implantats gilt es darauf zu achten, dass keine Wurzeln oder Nerven verletzt werden. Zudem m\u00fcssen Tiefe und Ausrichtung des Implantats genau stimmen, damit sp\u00e4ter der Zahnersatz exakt angepasst werden kann. Auf herk\u00f6mmlichen R\u00f6ntgenbildern sind oftmals wichtige Informationen nicht erkennbar. Abhilfe schafft hier die computergest\u00fctzte dreidimensionale Implantatplanung.<br>Der n\u00f6tige Abstand zu sensiblen Nerven und die optimale Implantattiefe werden bei der computergest\u00fctzten 3D-Planung exakt berechnet. Die Software erm\u00f6glicht eine dreidimensionale Planung am Bildschirm und bietet berste Voraussetzungen, um das Implantat sicherer und genauer setzen zu k\u00f6nnen. Durch die 3D-Planung kann au\u00dferdem die \u00c4sthetik bereits vor dem Einsetzen der Implantate exakt vorausgeplant werden.<\/p>\n<\/div>\n<\/div>\n<\/div>\n","protected":false},"excerpt":{"rendered":"<p>Impantatprothetik und 3D-Implantatplanung Implantat-Zahnersatz ist eine Herausforderung, die idealerweise in enger Zusammenarbeit zwischen Zahnarzt\/Chirurg und Zahntechniker realisiert wird. Zahn\u00e4rzte, die selbst nicht implantieren, \u00fcberweisen ihre Patienten f\u00fcr die Implantation an einen Oralchirurgen ihres Vertrauens und \u00fcbernehmen danach die prothetische Versorgung. Von der Diagnostik \u00fcber die Planung bis hin zur Fertigung und Eingliederung des Zahnersatzes sind [&hellip;]<\/p>\n","protected":false},"author":1,"featured_media":0,"parent":74,"menu_order":0,"comment_status":"closed","ping_status":"closed","template":"","meta":{"footnotes":""},"class_list":["post-80","page","type-page","status-publish","hentry"],"blocksy_meta":{"styles_descriptor":{"styles":{"desktop":"","tablet":"","mobile":""},"google_fonts":[],"version":6}},"_links":{"self":[{"href":"https:\/\/dentallabor-mack.de\/index.php\/wp-json\/wp\/v2\/pages\/80","targetHints":{"allow":["GET"]}}],"collection":[{"href":"https:\/\/dentallabor-mack.de\/index.php\/wp-json\/wp\/v2\/pages"}],"about":[{"href":"https:\/\/dentallabor-mack.de\/index.php\/wp-json\/wp\/v2\/types\/page"}],"author":[{"embeddable":true,"href":"https:\/\/dentallabor-mack.de\/index.php\/wp-json\/wp\/v2\/users\/1"}],"replies":[{"embeddable":true,"href":"https:\/\/dentallabor-mack.de\/index.php\/wp-json\/wp\/v2\/comments?post=80"}],"version-history":[{"count":6,"href":"https:\/\/dentallabor-mack.de\/index.php\/wp-json\/wp\/v2\/pages\/80\/revisions"}],"predecessor-version":[{"id":282,"href":"https:\/\/dentallabor-mack.de\/index.php\/wp-json\/wp\/v2\/pages\/80\/revisions\/282"}],"up":[{"embeddable":true,"href":"https:\/\/dentallabor-mack.de\/index.php\/wp-json\/wp\/v2\/pages\/74"}],"wp:attachment":[{"href":"https:\/\/dentallabor-mack.de\/index.php\/wp-json\/wp\/v2\/media?parent=80"}],"curies":[{"name":"wp","href":"https:\/\/api.w.org\/{rel}","templated":true}]}}