{"id":84,"date":"2022-11-02T15:11:29","date_gmt":"2022-11-02T14:11:29","guid":{"rendered":"http:\/\/192.168.178.35\/wordpress\/?page_id=84"},"modified":"2023-01-15T14:30:46","modified_gmt":"2023-01-15T13:30:46","slug":"kronen","status":"publish","type":"page","link":"https:\/\/dentallabor-mack.de\/index.php\/leistungen\/kronen\/","title":{"rendered":"Kronen"},"content":{"rendered":"\n<p><\/p>\n\n\n\n<div class=\"wp-block-columns is-layout-flex wp-container-core-columns-is-layout-28f84493 wp-block-columns-is-layout-flex\">\n<div class=\"wp-block-column is-layout-flow wp-block-column-is-layout-flow\" style=\"flex-basis:33.33%\">\n<div class=\"wp-block-group is-layout-constrained wp-block-group-is-layout-constrained\">\n<div class=\"wp-block-group is-layout-constrained wp-block-group-is-layout-constrained\">\n<figure class=\"wp-block-image size-full\"><img loading=\"lazy\" decoding=\"async\" width=\"958\" height=\"637\" src=\"http:\/\/192.168.178.35\/wordpress\/wp-content\/uploads\/2022\/12\/Krone-1.png\" alt=\"\" class=\"wp-image-214\" srcset=\"https:\/\/dentallabor-mack.de\/wp-content\/uploads\/2022\/12\/Krone-1.png 958w, https:\/\/dentallabor-mack.de\/wp-content\/uploads\/2022\/12\/Krone-1-300x199.png 300w, https:\/\/dentallabor-mack.de\/wp-content\/uploads\/2022\/12\/Krone-1-768x511.png 768w\" sizes=\"auto, (max-width: 958px) 100vw, 958px\" \/><\/figure>\n\n\n\n<figure class=\"wp-block-image size-full\"><img loading=\"lazy\" decoding=\"async\" width=\"958\" height=\"643\" src=\"http:\/\/192.168.178.35\/wordpress\/wp-content\/uploads\/2022\/12\/Krone-2.png\" alt=\"\" class=\"wp-image-215\" srcset=\"https:\/\/dentallabor-mack.de\/wp-content\/uploads\/2022\/12\/Krone-2.png 958w, https:\/\/dentallabor-mack.de\/wp-content\/uploads\/2022\/12\/Krone-2-300x201.png 300w, https:\/\/dentallabor-mack.de\/wp-content\/uploads\/2022\/12\/Krone-2-768x515.png 768w\" sizes=\"auto, (max-width: 958px) 100vw, 958px\" \/><\/figure>\n\n\n\n<figure class=\"wp-block-image size-full\"><img loading=\"lazy\" decoding=\"async\" width=\"958\" height=\"641\" src=\"http:\/\/192.168.178.35\/wordpress\/wp-content\/uploads\/2022\/12\/Krone-3.png\" alt=\"\" class=\"wp-image-216\" srcset=\"https:\/\/dentallabor-mack.de\/wp-content\/uploads\/2022\/12\/Krone-3.png 958w, https:\/\/dentallabor-mack.de\/wp-content\/uploads\/2022\/12\/Krone-3-300x201.png 300w, https:\/\/dentallabor-mack.de\/wp-content\/uploads\/2022\/12\/Krone-3-768x514.png 768w\" sizes=\"auto, (max-width: 958px) 100vw, 958px\" \/><\/figure>\n\n\n\n<figure class=\"wp-block-image size-full\"><img loading=\"lazy\" decoding=\"async\" width=\"958\" height=\"638\" src=\"http:\/\/192.168.178.35\/wordpress\/wp-content\/uploads\/2022\/12\/Krone-4.png\" alt=\"\" class=\"wp-image-217\" srcset=\"https:\/\/dentallabor-mack.de\/wp-content\/uploads\/2022\/12\/Krone-4.png 958w, https:\/\/dentallabor-mack.de\/wp-content\/uploads\/2022\/12\/Krone-4-300x200.png 300w, https:\/\/dentallabor-mack.de\/wp-content\/uploads\/2022\/12\/Krone-4-768x511.png 768w\" sizes=\"auto, (max-width: 958px) 100vw, 958px\" \/><\/figure>\n<\/div>\n<\/div>\n<\/div>\n\n\n\n<div class=\"wp-block-column is-layout-flow wp-block-column-is-layout-flow\" style=\"flex-basis:66.66%\">\n<h3 class=\"wp-block-heading\">Unser vielf\u00e4lstiges Kronenangebot<\/h3>\n\n\n\n<p class=\"has-medium-font-size\">Passgenauigkeit, \u00c4sthetik und die Haltbarkeit der Krone sind f\u00fcr Zahnarzt und Patienten gleicherma\u00dfen wichtig. Die neue Krone soll aber nicht nur sch\u00f6n aussehen und Sicherheit geben, sondern auch den individuellen Anspr\u00fcchen und Preisvorstellungen des Patienten entsprechen.<\/p>\n\n\n\n<p class=\"has-medium-font-size\">Folgende Kronenversorgungen bieten wir Ihnen und Ihren Patienten an:<\/p>\n\n\n\n<p class=\"has-medium-font-size\"><strong>Edelmetall-Kronen<\/strong> haben sich seit Jahrzenten bew\u00e4hrt und zahlen noch heute zu den hochwertigsten Zahnersatz-L\u00f6sungen mit einer sehr langen Haltbarkeit. Wir verarbeiten in unserem Labor moderne, biovertr\u00e4gliche Edelmetall-Legierungen mit einem breiten Indikationsspektrum \u2013 f\u00fcr reduzierten Material-Mix im Mund.<\/p>\n\n\n\n<p class=\"has-medium-font-size\"><strong>Galvano-Kronen<\/strong> erreichen ein H\u00f6chstma\u00df an Passgenauigkeit. Die sattgelbe Goldfarbe der Galvano-K\u00e4ppchen sowie die gleichm\u00e4\u00dfig d\u00fcnne Wandst\u00e4rke sind die ideale Grundlage f\u00fcr eine \u00e4sthetische Verblendung. Galvano-Kronen enthalten mehr als 99% Feingold und sind somit uneingeschr\u00e4nkt biovertr\u00e4glich und best\u00e4ndig.<\/p>\n\n\n\n<p class=\"has-medium-font-size\"><strong>Klassische Vollkeramik-Kronen<\/strong> sind die metallfreie Alternative f\u00fcr eine nat\u00fcrliche \u00c4sthetik. Die opaleszierende und fluoreszierende Keramik erm\u00f6glicht hervorragende optische Ergebnisse. Die Biegefestigkeit und Stabilit\u00e4t des Materials bieten hohe Sicherheit. Unsere Vollkeramik-Kronen sind biokompatibel und Antagonisten freundlich.<\/p>\n\n\n\n<p class=\"has-medium-font-size\"><strong>Zirkonoxid-Kronen<\/strong> sind extrem stabil. Die Stabilit\u00e4t des Materials kommt besonders bei Kronen im Seitenzahnbereich zum Tragen, wo der Zahnersatz hohen Kaukr\u00e4ften ausgesetzt ist. Hier bietet Zirkonoxid klare Vorteile. Auch in puncto \u00c4sthetik und Vertr\u00e4glichkeit geh\u00f6rt Zirkonoxid zu den Spitzenwerkstoffen.<\/p>\n<\/div>\n<\/div>\n","protected":false},"excerpt":{"rendered":"<p>Unser vielf\u00e4lstiges Kronenangebot Passgenauigkeit, \u00c4sthetik und die Haltbarkeit der Krone sind f\u00fcr Zahnarzt und Patienten gleicherma\u00dfen wichtig. Die neue Krone soll aber nicht nur sch\u00f6n aussehen und Sicherheit geben, sondern auch den individuellen Anspr\u00fcchen und Preisvorstellungen des Patienten entsprechen. Folgende Kronenversorgungen bieten wir Ihnen und Ihren Patienten an: Edelmetall-Kronen haben sich seit Jahrzenten bew\u00e4hrt und [&hellip;]<\/p>\n","protected":false},"author":1,"featured_media":0,"parent":74,"menu_order":0,"comment_status":"closed","ping_status":"closed","template":"","meta":{"footnotes":""},"class_list":["post-84","page","type-page","status-publish","hentry"],"blocksy_meta":{"styles_descriptor":{"styles":{"desktop":"","tablet":"","mobile":""},"google_fonts":[],"version":6}},"_links":{"self":[{"href":"https:\/\/dentallabor-mack.de\/index.php\/wp-json\/wp\/v2\/pages\/84","targetHints":{"allow":["GET"]}}],"collection":[{"href":"https:\/\/dentallabor-mack.de\/index.php\/wp-json\/wp\/v2\/pages"}],"about":[{"href":"https:\/\/dentallabor-mack.de\/index.php\/wp-json\/wp\/v2\/types\/page"}],"author":[{"embeddable":true,"href":"https:\/\/dentallabor-mack.de\/index.php\/wp-json\/wp\/v2\/users\/1"}],"replies":[{"embeddable":true,"href":"https:\/\/dentallabor-mack.de\/index.php\/wp-json\/wp\/v2\/comments?post=84"}],"version-history":[{"count":4,"href":"https:\/\/dentallabor-mack.de\/index.php\/wp-json\/wp\/v2\/pages\/84\/revisions"}],"predecessor-version":[{"id":287,"href":"https:\/\/dentallabor-mack.de\/index.php\/wp-json\/wp\/v2\/pages\/84\/revisions\/287"}],"up":[{"embeddable":true,"href":"https:\/\/dentallabor-mack.de\/index.php\/wp-json\/wp\/v2\/pages\/74"}],"wp:attachment":[{"href":"https:\/\/dentallabor-mack.de\/index.php\/wp-json\/wp\/v2\/media?parent=84"}],"curies":[{"name":"wp","href":"https:\/\/api.w.org\/{rel}","templated":true}]}}