{"id":86,"date":"2022-11-02T15:11:45","date_gmt":"2022-11-02T14:11:45","guid":{"rendered":"http:\/\/192.168.178.35\/wordpress\/?page_id=86"},"modified":"2023-01-15T14:36:06","modified_gmt":"2023-01-15T13:36:06","slug":"teleskopkronen","status":"publish","type":"page","link":"https:\/\/dentallabor-mack.de\/index.php\/leistungen\/teleskopkronen\/","title":{"rendered":"Teleskopkronen"},"content":{"rendered":"\n<p><\/p>\n\n\n\n<div class=\"wp-block-columns is-layout-flex wp-container-core-columns-is-layout-28f84493 wp-block-columns-is-layout-flex\">\n<div class=\"wp-block-column is-layout-flow wp-block-column-is-layout-flow\" style=\"flex-basis:33.33%\">\n<div class=\"wp-block-group is-layout-constrained wp-block-group-is-layout-constrained\">\n<figure class=\"wp-block-image size-full\"><img loading=\"lazy\" decoding=\"async\" width=\"599\" height=\"372\" src=\"http:\/\/192.168.178.35\/wordpress\/wp-content\/uploads\/2022\/12\/Tele-1.png\" alt=\"\" class=\"wp-image-220\" srcset=\"https:\/\/dentallabor-mack.de\/wp-content\/uploads\/2022\/12\/Tele-1.png 599w, https:\/\/dentallabor-mack.de\/wp-content\/uploads\/2022\/12\/Tele-1-300x186.png 300w\" sizes=\"auto, (max-width: 599px) 100vw, 599px\" \/><\/figure>\n\n\n\n<figure class=\"wp-block-image size-full\"><img loading=\"lazy\" decoding=\"async\" width=\"596\" height=\"391\" src=\"http:\/\/192.168.178.35\/wordpress\/wp-content\/uploads\/2022\/12\/Tele-2.png\" alt=\"\" class=\"wp-image-221\" srcset=\"https:\/\/dentallabor-mack.de\/wp-content\/uploads\/2022\/12\/Tele-2.png 596w, https:\/\/dentallabor-mack.de\/wp-content\/uploads\/2022\/12\/Tele-2-300x197.png 300w\" sizes=\"auto, (max-width: 596px) 100vw, 596px\" \/><\/figure>\n\n\n\n<figure class=\"wp-block-image size-full\"><img loading=\"lazy\" decoding=\"async\" width=\"601\" height=\"395\" src=\"http:\/\/192.168.178.35\/wordpress\/wp-content\/uploads\/2022\/12\/Tele-3.png\" alt=\"\" class=\"wp-image-222\" srcset=\"https:\/\/dentallabor-mack.de\/wp-content\/uploads\/2022\/12\/Tele-3.png 601w, https:\/\/dentallabor-mack.de\/wp-content\/uploads\/2022\/12\/Tele-3-300x197.png 300w\" sizes=\"auto, (max-width: 601px) 100vw, 601px\" \/><\/figure>\n\n\n\n<figure class=\"wp-block-image size-full\"><img loading=\"lazy\" decoding=\"async\" width=\"599\" height=\"401\" src=\"http:\/\/192.168.178.35\/wordpress\/wp-content\/uploads\/2022\/12\/Tele-4.png\" alt=\"\" class=\"wp-image-223\" srcset=\"https:\/\/dentallabor-mack.de\/wp-content\/uploads\/2022\/12\/Tele-4.png 599w, https:\/\/dentallabor-mack.de\/wp-content\/uploads\/2022\/12\/Tele-4-300x201.png 300w\" sizes=\"auto, (max-width: 599px) 100vw, 599px\" \/><\/figure>\n<\/div>\n<\/div>\n\n\n\n<div class=\"wp-block-column is-layout-flow wp-block-column-is-layout-flow\" style=\"flex-basis:66.66%\">\n<h3 class=\"wp-block-heading\">Zahnersatz aus EMF-Einst\u00fcckguss<\/h3>\n\n\n\n<p class=\"has-medium-font-size\">Tragekomfort, Funktionalit\u00e4t. Biokompatibilit\u00e4t, Preis-Leistungs-Verh\u00e4ltnis und vieles mehr\u2026<\/p>\n\n\n\n<p class=\"has-medium-font-size\"><strong>Qualit\u00e4t, die begeistert\u2026<\/strong><br>Der Teleskop-NEM-Einst\u00fcckguss geh\u00f6rt zu den prothetischen \u201eSpezialit\u00e4ten\u201c von Dentallabor Mack. Dabei werden die Teleskop-Prim\u00e4rteile gemeinsam mit der Sekund\u00e4rkonstruktion aus einer einzigen edelmetallfreien Legierung (EMF) hergestellt. Die grazile Konstruktion zeichnet sich durch exzellente Eigenschaften aus.<\/p>\n\n\n\n<h5 class=\"has-medium-font-size wp-block-heading\"><strong>\u2026zu Preisen, die \u00fcberzeugen!<\/strong><\/h5>\n\n\n\n<p class=\"has-medium-font-size\">Mit unserem Teleskop-Zahnersatz aus EMF-Einst\u00fcckguss k\u00f6nnen Sie4 steigenden Edelmetallpreisen gelassen, entgegensehen. Die Materialkosteneinsparungen ergeben erhebliche Preisvorteile, die Ihnen wiederum mehr Spielraum f\u00fcr Ihr Behandlungskonzept erm\u00f6glichen.<\/p>\n\n\n\n<p class=\"has-medium-font-size\"><strong>12 Gr\u00fcnde<\/strong>, warum Patienten <strong>Ja<\/strong> dazu sagen:<\/p>\n\n\n\n<ul class=\"has-medium-font-size wp-block-list\">\n<li>Sehr hochwertige EMF-Prothetik- deutlich preisg\u00fcnstiger als aus Gold<\/li>\n\n\n\n<li>Langj\u00e4hrige Erfahrung von Dentallabor Mack mit EMF-Einst\u00fcckguss<\/li>\n\n\n\n<li>Bew\u00e4hrte, sichere, biokompatible EMF-Legierung<\/li>\n\n\n\n<li>Alles aus einem Guss \u2013 kein L\u00f6ten und somit kein Material-Mix<\/li>\n\n\n\n<li>Hohe Stabilit\u00e4t- hohe Belastbarkeit des Zahnersatzes<\/li>\n\n\n\n<li>Dauerhafte Funktion und Langlebigkeit<\/li>\n\n\n\n<li>In vielen F\u00e4llen gaumenfrei und ohne B\u00fcgel \u2013 komfortabel wie gro\u00dfe Br\u00fccken<\/li>\n\n\n\n<li>Sehr grazile Konstruktion \u2013 mehr Platz f\u00fcr die \u00e4sthetische Verblendung<\/li>\n\n\n\n<li>Geringes Gewicht \u2013 f\u00fcr den Patienten angenehm zu tragen<\/li>\n\n\n\n<li>Einfaches Handling des Zahnersatzes<\/li>\n\n\n\n<li>Erweiterbar \u2013 daher ein Langfristl\u00f6sung<\/li>\n\n\n\n<li>Keine Umstellung des Pr\u00e4parationstechnik<\/li>\n<\/ul>\n<\/div>\n<\/div>\n","protected":false},"excerpt":{"rendered":"<p>Zahnersatz aus EMF-Einst\u00fcckguss Tragekomfort, Funktionalit\u00e4t. Biokompatibilit\u00e4t, Preis-Leistungs-Verh\u00e4ltnis und vieles mehr\u2026 Qualit\u00e4t, die begeistert\u2026Der Teleskop-NEM-Einst\u00fcckguss geh\u00f6rt zu den prothetischen \u201eSpezialit\u00e4ten\u201c von Dentallabor Mack. Dabei werden die Teleskop-Prim\u00e4rteile gemeinsam mit der Sekund\u00e4rkonstruktion aus einer einzigen edelmetallfreien Legierung (EMF) hergestellt. Die grazile Konstruktion zeichnet sich durch exzellente Eigenschaften aus. \u2026zu Preisen, die \u00fcberzeugen! Mit unserem Teleskop-Zahnersatz aus EMF-Einst\u00fcckguss [&hellip;]<\/p>\n","protected":false},"author":1,"featured_media":0,"parent":74,"menu_order":0,"comment_status":"closed","ping_status":"closed","template":"","meta":{"footnotes":""},"class_list":["post-86","page","type-page","status-publish","hentry"],"blocksy_meta":{"styles_descriptor":{"styles":{"desktop":"","tablet":"","mobile":""},"google_fonts":[],"version":6}},"_links":{"self":[{"href":"https:\/\/dentallabor-mack.de\/index.php\/wp-json\/wp\/v2\/pages\/86","targetHints":{"allow":["GET"]}}],"collection":[{"href":"https:\/\/dentallabor-mack.de\/index.php\/wp-json\/wp\/v2\/pages"}],"about":[{"href":"https:\/\/dentallabor-mack.de\/index.php\/wp-json\/wp\/v2\/types\/page"}],"author":[{"embeddable":true,"href":"https:\/\/dentallabor-mack.de\/index.php\/wp-json\/wp\/v2\/users\/1"}],"replies":[{"embeddable":true,"href":"https:\/\/dentallabor-mack.de\/index.php\/wp-json\/wp\/v2\/comments?post=86"}],"version-history":[{"count":4,"href":"https:\/\/dentallabor-mack.de\/index.php\/wp-json\/wp\/v2\/pages\/86\/revisions"}],"predecessor-version":[{"id":290,"href":"https:\/\/dentallabor-mack.de\/index.php\/wp-json\/wp\/v2\/pages\/86\/revisions\/290"}],"up":[{"embeddable":true,"href":"https:\/\/dentallabor-mack.de\/index.php\/wp-json\/wp\/v2\/pages\/74"}],"wp:attachment":[{"href":"https:\/\/dentallabor-mack.de\/index.php\/wp-json\/wp\/v2\/media?parent=86"}],"curies":[{"name":"wp","href":"https:\/\/api.w.org\/{rel}","templated":true}]}}