{"id":90,"date":"2022-11-02T15:12:23","date_gmt":"2022-11-02T14:12:23","guid":{"rendered":"http:\/\/192.168.178.35\/wordpress\/?page_id=90"},"modified":"2023-01-15T14:48:03","modified_gmt":"2023-01-15T13:48:03","slug":"veneers","status":"publish","type":"page","link":"https:\/\/dentallabor-mack.de\/index.php\/leistungen\/veneers\/","title":{"rendered":"Veneers"},"content":{"rendered":"\n<div class=\"wp-block-columns is-layout-flex wp-container-core-columns-is-layout-28f84493 wp-block-columns-is-layout-flex\">\n<div class=\"wp-block-column is-layout-flow wp-block-column-is-layout-flow\" style=\"flex-basis:33.33%\">\n<div class=\"wp-block-group has-small-font-size is-layout-constrained wp-block-group-is-layout-constrained\">\n<figure class=\"wp-block-image size-full\"><img loading=\"lazy\" decoding=\"async\" width=\"959\" height=\"641\" src=\"http:\/\/192.168.178.35\/wordpress\/wp-content\/uploads\/2022\/12\/Veneer-1.png\" alt=\"\" class=\"wp-image-224\" srcset=\"https:\/\/dentallabor-mack.de\/wp-content\/uploads\/2022\/12\/Veneer-1.png 959w, https:\/\/dentallabor-mack.de\/wp-content\/uploads\/2022\/12\/Veneer-1-300x201.png 300w, https:\/\/dentallabor-mack.de\/wp-content\/uploads\/2022\/12\/Veneer-1-768x513.png 768w\" sizes=\"auto, (max-width: 959px) 100vw, 959px\" \/><\/figure>\n\n\n\n<figure class=\"wp-block-image size-full\"><img loading=\"lazy\" decoding=\"async\" width=\"956\" height=\"643\" src=\"http:\/\/192.168.178.35\/wordpress\/wp-content\/uploads\/2022\/12\/Veneer-2.png\" alt=\"\" class=\"wp-image-225\" srcset=\"https:\/\/dentallabor-mack.de\/wp-content\/uploads\/2022\/12\/Veneer-2.png 956w, https:\/\/dentallabor-mack.de\/wp-content\/uploads\/2022\/12\/Veneer-2-300x202.png 300w, https:\/\/dentallabor-mack.de\/wp-content\/uploads\/2022\/12\/Veneer-2-768x517.png 768w\" sizes=\"auto, (max-width: 956px) 100vw, 956px\" \/><\/figure>\n\n\n\n<figure class=\"wp-block-image size-full\"><img loading=\"lazy\" decoding=\"async\" width=\"959\" height=\"635\" src=\"http:\/\/192.168.178.35\/wordpress\/wp-content\/uploads\/2022\/12\/Veneer-3.png\" alt=\"\" class=\"wp-image-226\" srcset=\"https:\/\/dentallabor-mack.de\/wp-content\/uploads\/2022\/12\/Veneer-3.png 959w, https:\/\/dentallabor-mack.de\/wp-content\/uploads\/2022\/12\/Veneer-3-300x199.png 300w, https:\/\/dentallabor-mack.de\/wp-content\/uploads\/2022\/12\/Veneer-3-768x509.png 768w\" sizes=\"auto, (max-width: 959px) 100vw, 959px\" \/><\/figure>\n\n\n\n<figure class=\"wp-block-image size-full\"><img loading=\"lazy\" decoding=\"async\" width=\"959\" height=\"638\" src=\"http:\/\/192.168.178.35\/wordpress\/wp-content\/uploads\/2022\/12\/Veneer-4.png\" alt=\"\" class=\"wp-image-227\" srcset=\"https:\/\/dentallabor-mack.de\/wp-content\/uploads\/2022\/12\/Veneer-4.png 959w, https:\/\/dentallabor-mack.de\/wp-content\/uploads\/2022\/12\/Veneer-4-300x200.png 300w, https:\/\/dentallabor-mack.de\/wp-content\/uploads\/2022\/12\/Veneer-4-768x511.png 768w\" sizes=\"auto, (max-width: 959px) 100vw, 959px\" \/><\/figure>\n<\/div>\n<\/div>\n\n\n\n<div class=\"wp-block-column is-layout-flow wp-block-column-is-layout-flow\" style=\"flex-basis:66.66%\">\n<div class=\"wp-block-group is-layout-constrained wp-block-group-is-layout-constrained\">\n<h3 class=\"wp-block-heading\">\u00c4sthetik-Highlight &#8222;Veneer&#8220;<\/h3>\n<\/div>\n\n\n\n<p class=\"has-medium-font-size\">Sch\u00f6ne Frontz\u00e4hne \u2013 minimalinvasiv und mit Konzept<\/p>\n\n\n\n<p class=\"has-medium-font-size\">Veneers spielen bei den \u00e4sthetischen Versorgungsarten eine wichtige Rolle. Zum einen w\u00fcnschen sich viele Menschen sch\u00f6ne Z\u00e4hne \u2013 vor allem im Frontzahnbereich. Zum anderen ist es Patienten wichtig, dass die gesunde Zahnsubstanz m\u00f6glichst geschont wird.<\/p>\n\n\n\n<p class=\"has-medium-font-size\"><strong>Indikationsspektrum f\u00fcr Veneers:<\/strong><br>Veneers werden von unseren Kunden vorwiegend dort gew\u00e4hlt, wo \u00e4sthetische `Faktoren im Vordergrund stehen. In F\u00e4llen, in denen die klassische Pr\u00e4paration zur \u00dcberkronung nicht oder noch nicht m\u00f6glich ist und dort, wo eine minimalinvasive Restauration erw\u00fcnscht ist.<\/p>\n\n\n\n<p class=\"has-medium-font-size\">Beispiele sind:<\/p>\n\n\n\n<ul class=\"has-medium-font-size wp-block-list\">\n<li>L\u00e4sionen und kleinfl\u00e4chige Schmelzhypoplasien<\/li>\n\n\n\n<li>Absplitterungen, Abrasionen der Inzisalkanten, Schmelz-Dentin-Frakturen<\/li>\n\n\n\n<li>Verf\u00e4rbte, aber sonst intakte Frontz\u00e4hne<\/li>\n\n\n\n<li>Form- und Stellungsoptimierung im Fronzahnbereich, Diastemaschluss<\/li>\n\n\n\n<li>Wiederherstellung der physiologischen Okklusion<\/li>\n\n\n\n<li>Wiederherstellung verlorengegangener Eckzahnf\u00fchrung<\/li>\n<\/ul>\n\n\n\n<p class=\"has-medium-font-size\">Das Veneer ist eine Restauration, die wie kaum eine andere den Patienten begeistert. Denn das sch\u00f6ne Ergebnis ist f\u00fcr jeden sofort sichtbar. Das kommt bei Patienten sehr gut an und sie danken es Ihrem Zahnarzt oft mit Empfehlungen.<\/p>\n\n\n\n<p><\/p>\n<\/div>\n<\/div>\n","protected":false},"excerpt":{"rendered":"<p>\u00c4sthetik-Highlight &#8222;Veneer&#8220; Sch\u00f6ne Frontz\u00e4hne \u2013 minimalinvasiv und mit Konzept Veneers spielen bei den \u00e4sthetischen Versorgungsarten eine wichtige Rolle. Zum einen w\u00fcnschen sich viele Menschen sch\u00f6ne Z\u00e4hne \u2013 vor allem im Frontzahnbereich. Zum anderen ist es Patienten wichtig, dass die gesunde Zahnsubstanz m\u00f6glichst geschont wird. Indikationsspektrum f\u00fcr Veneers:Veneers werden von unseren Kunden vorwiegend dort gew\u00e4hlt, wo [&hellip;]<\/p>\n","protected":false},"author":1,"featured_media":0,"parent":74,"menu_order":0,"comment_status":"closed","ping_status":"closed","template":"","meta":{"footnotes":""},"class_list":["post-90","page","type-page","status-publish","hentry"],"blocksy_meta":{"styles_descriptor":{"styles":{"desktop":"","tablet":"","mobile":""},"google_fonts":[],"version":6}},"_links":{"self":[{"href":"https:\/\/dentallabor-mack.de\/index.php\/wp-json\/wp\/v2\/pages\/90","targetHints":{"allow":["GET"]}}],"collection":[{"href":"https:\/\/dentallabor-mack.de\/index.php\/wp-json\/wp\/v2\/pages"}],"about":[{"href":"https:\/\/dentallabor-mack.de\/index.php\/wp-json\/wp\/v2\/types\/page"}],"author":[{"embeddable":true,"href":"https:\/\/dentallabor-mack.de\/index.php\/wp-json\/wp\/v2\/users\/1"}],"replies":[{"embeddable":true,"href":"https:\/\/dentallabor-mack.de\/index.php\/wp-json\/wp\/v2\/comments?post=90"}],"version-history":[{"count":4,"href":"https:\/\/dentallabor-mack.de\/index.php\/wp-json\/wp\/v2\/pages\/90\/revisions"}],"predecessor-version":[{"id":300,"href":"https:\/\/dentallabor-mack.de\/index.php\/wp-json\/wp\/v2\/pages\/90\/revisions\/300"}],"up":[{"embeddable":true,"href":"https:\/\/dentallabor-mack.de\/index.php\/wp-json\/wp\/v2\/pages\/74"}],"wp:attachment":[{"href":"https:\/\/dentallabor-mack.de\/index.php\/wp-json\/wp\/v2\/media?parent=90"}],"curies":[{"name":"wp","href":"https:\/\/api.w.org\/{rel}","templated":true}]}}